{"id":43,"date":"2011-11-09T21:31:41","date_gmt":"2011-11-09T21:31:41","guid":{"rendered":"http:\/\/www.citoyendeurope.com\/?page_id=43"},"modified":"2018-02-17T10:03:40","modified_gmt":"2018-02-17T09:03:40","slug":"adhesion","status":"publish","type":"page","link":"http:\/\/www.citoyendeurope.com\/?page_id=43","title":{"rendered":"Adh\u00e9sion"},"content":{"rendered":"<p><strong><span style=\"color: #ff0000;\"><img loading=\"lazy\" decoding=\"async\" class=\"size-full wp-image-340 alignleft\" title=\"bulletin-300x220\" src=\"http:\/\/www.citoyendeurope.com\/wp-content\/uploads\/2011\/11\/bulletin-300x2201.jpg\" alt=\"\" width=\"300\" height=\"220\" \/>&lt;&#8211;\u00a0Cliquer sur l&rsquo;image ci-jointe pour t\u00e9l\u00e9charger le bulletin d&rsquo;adh\u00e9sion<\/span><\/strong><\/p>\n","protected":false},"excerpt":{"rendered":"<p>&lt;&#8211;\u00a0Cliquer sur l&rsquo;image ci-jointe pour t\u00e9l\u00e9charger le bulletin d&rsquo;adh\u00e9sion<\/p>\n","protected":false},"author":1,"featured_media":0,"parent":317,"menu_order":0,"comment_status":"open","ping_status":"open","template":"","meta":{"footnotes":""},"class_list":["post-43","page","type-page","status-publish","hentry","nodate","item-wrap"],"_links":{"self":[{"href":"http:\/\/www.citoyendeurope.com\/index.php?rest_route=\/wp\/v2\/pages\/43","targetHints":{"allow":["GET"]}}],"collection":[{"href":"http:\/\/www.citoyendeurope.com\/index.php?rest_route=\/wp\/v2\/pages"}],"about":[{"href":"http:\/\/www.citoyendeurope.com\/index.php?rest_route=\/wp\/v2\/types\/page"}],"author":[{"embeddable":true,"href":"http:\/\/www.citoyendeurope.com\/index.php?rest_route=\/wp\/v2\/users\/1"}],"replies":[{"embeddable":true,"href":"http:\/\/www.citoyendeurope.com\/index.php?rest_route=%2Fwp%2Fv2%2Fcomments&post=43"}],"version-history":[{"count":10,"href":"http:\/\/www.citoyendeurope.com\/index.php?rest_route=\/wp\/v2\/pages\/43\/revisions"}],"predecessor-version":[{"id":2724,"href":"http:\/\/www.citoyendeurope.com\/index.php?rest_route=\/wp\/v2\/pages\/43\/revisions\/2724"}],"up":[{"embeddable":true,"href":"http:\/\/www.citoyendeurope.com\/index.php?rest_route=\/wp\/v2\/pages\/317"}],"wp:attachment":[{"href":"http:\/\/www.citoyendeurope.com\/index.php?rest_route=%2Fwp%2Fv2%2Fmedia&parent=43"}],"curies":[{"name":"wp","href":"https:\/\/api.w.org\/{rel}","templated":true}]}}