{"id":3002,"date":"2023-02-17T18:45:11","date_gmt":"2023-02-17T17:45:11","guid":{"rendered":"http:\/\/www.citoyendeurope.com\/?page_id=3002"},"modified":"2023-02-17T18:45:11","modified_gmt":"2023-02-17T17:45:11","slug":"les-carnets-retrouves-de-gerard-caudron","status":"publish","type":"page","link":"http:\/\/www.citoyendeurope.com\/?page_id=3002","title":{"rendered":"Les Carnets retrouv\u00e9s de G\u00e9rard Caudron"},"content":{"rendered":"\n<p>Tout au long de ma vie, j\u2019ai aim\u00e9 \u00e9crire et ce, depuis 1960.<br>J\u2019ai donc, arriv\u00e9 \u00e0 ce stade de ma vie, d\u00e9cid\u00e9 d\u2019en ressortir \u00ab\u00a0quelques uns\u00a0\u00bb et de les publier dans cette nouvelle rubrique \u00ab\u00a0en vrac\u00a0\u00bb, au gr\u00e9 du temps, sans chronologie, \u00e0 l\u2019image d\u2019un univers visible ou cach\u00e9 o\u00f9 \u00ab\u00a0le temps humain n\u2019a pas de sens\u00a0\u00bb une sorte de patchwork\u2026 sans doute plus pr\u00e8s des r\u00e9alit\u00e9s imagin\u00e9es qu\u2019on ne le pense.<\/p>\n\n\n\n<p style=\"text-align:center\"><strong>Cliquer sur le lien ci-dessous pour acc\u00e9der&nbsp;\u00e0&nbsp;l&rsquo;ensemble&nbsp;des&nbsp;publications<\/strong><\/p>\n\n\n\n<p style=\"text-align:center\"><a rel=\"noreferrer noopener\" aria-label=\" (s\u2019ouvre dans un nouvel onglet)\" href=\"http:\/\/www.gcaudron.com\/?page_id=8926\" target=\"_blank\">http:\/\/www.gcaudron.com\/?page_id=8926<\/a><\/p>\n","protected":false},"excerpt":{"rendered":"<p>Tout au long de ma vie, j\u2019ai aim\u00e9 \u00e9crire et ce, depuis 1960.J\u2019ai donc, arriv\u00e9 \u00e0 ce stade de ma vie, d\u00e9cid\u00e9 d\u2019en ressortir \u00ab\u00a0quelques uns\u00a0\u00bb et de les publier dans cette nouvelle rubrique \u00ab\u00a0en vrac\u00a0\u00bb, au gr\u00e9 du temps, sans chronologie, \u00e0 l\u2019image d\u2019un univers visible ou cach\u00e9 o\u00f9 \u00ab\u00a0le temps humain n\u2019a pas &hellip; <\/p>\n<p><a class=\"more-link btn\" href=\"http:\/\/www.citoyendeurope.com\/?page_id=3002\">Continue reading<\/a><\/p>\n","protected":false},"author":1,"featured_media":0,"parent":0,"menu_order":0,"comment_status":"closed","ping_status":"closed","template":"template-onecolumn.php","meta":{"footnotes":""},"class_list":["post-3002","page","type-page","status-publish","hentry","nodate","item-wrap"],"_links":{"self":[{"href":"http:\/\/www.citoyendeurope.com\/index.php?rest_route=\/wp\/v2\/pages\/3002","targetHints":{"allow":["GET"]}}],"collection":[{"href":"http:\/\/www.citoyendeurope.com\/index.php?rest_route=\/wp\/v2\/pages"}],"about":[{"href":"http:\/\/www.citoyendeurope.com\/index.php?rest_route=\/wp\/v2\/types\/page"}],"author":[{"embeddable":true,"href":"http:\/\/www.citoyendeurope.com\/index.php?rest_route=\/wp\/v2\/users\/1"}],"replies":[{"embeddable":true,"href":"http:\/\/www.citoyendeurope.com\/index.php?rest_route=%2Fwp%2Fv2%2Fcomments&post=3002"}],"version-history":[{"count":1,"href":"http:\/\/www.citoyendeurope.com\/index.php?rest_route=\/wp\/v2\/pages\/3002\/revisions"}],"predecessor-version":[{"id":3003,"href":"http:\/\/www.citoyendeurope.com\/index.php?rest_route=\/wp\/v2\/pages\/3002\/revisions\/3003"}],"wp:attachment":[{"href":"http:\/\/www.citoyendeurope.com\/index.php?rest_route=%2Fwp%2Fv2%2Fmedia&parent=3002"}],"curies":[{"name":"wp","href":"https:\/\/api.w.org\/{rel}","templated":true}]}}